{"id":1735,"date":"2024-03-12T06:02:13","date_gmt":"2024-03-12T06:02:13","guid":{"rendered":"https:\/\/so-real.com\/?page_id=1735"},"modified":"2024-03-28T06:52:56","modified_gmt":"2024-03-28T06:52:56","slug":"blog-swedish","status":"publish","type":"page","link":"https:\/\/so-real.com\/index.php\/blog-swedish\/","title":{"rendered":"Blog Swedish"},"content":{"rendered":"\t\t<div data-elementor-type=\"wp-page\" data-elementor-id=\"1735\" class=\"elementor elementor-1735\" data-elementor-post-type=\"page\">\n\t\t\t\t\t\t<section class=\"elementor-section elementor-top-section elementor-element elementor-element-9f03e5f elementor-section-content-middle elementor-section-height-min-height elementor-section-boxed elementor-section-height-default elementor-section-items-middle\" data-id=\"9f03e5f\" data-element_type=\"section\" data-settings=\"{&quot;background_background&quot;:&quot;classic&quot;}\">\n\t\t\t\t\t\t\t<div class=\"elementor-background-overlay\"><\/div>\n\t\t\t\t\t\t\t<div class=\"elementor-container elementor-column-gap-wider\">\n\t\t\t\t\t<div class=\"elementor-column elementor-col-100 elementor-top-column elementor-element elementor-element-cfa44cc\" data-id=\"cfa44cc\" data-element_type=\"column\">\n\t\t\t<div class=\"elementor-widget-wrap elementor-element-populated\">\n\t\t\t\t\t\t<div class=\"elementor-element elementor-element-d34ec90 de_scroll_animation_no elementor-widget elementor-widget-heading\" data-id=\"d34ec90\" data-element_type=\"widget\" data-widget_type=\"heading.default\">\n\t\t\t\t<div class=\"elementor-widget-container\">\n\t\t\t<style>\/*! elementor - v3.21.0 - 30-04-2024 *\/\n.elementor-heading-title{padding:0;margin:0;line-height:1}.elementor-widget-heading .elementor-heading-title[class*=elementor-size-]>a{color:inherit;font-size:inherit;line-height:inherit}.elementor-widget-heading .elementor-heading-title.elementor-size-small{font-size:15px}.elementor-widget-heading .elementor-heading-title.elementor-size-medium{font-size:19px}.elementor-widget-heading .elementor-heading-title.elementor-size-large{font-size:29px}.elementor-widget-heading .elementor-heading-title.elementor-size-xl{font-size:39px}.elementor-widget-heading .elementor-heading-title.elementor-size-xxl{font-size:59px}<\/style><h2 class=\"elementor-heading-title elementor-size-default\">V\u00c4LKOMMEN TILL V\u00c5R <br>\nNYHETSSIDA<\/h2>\t\t<\/div>\n\t\t\t\t<\/div>\n\t\t\t\t<section class=\"elementor-section elementor-inner-section elementor-element elementor-element-3b00184 elementor-section-boxed elementor-section-height-default elementor-section-height-default\" data-id=\"3b00184\" data-element_type=\"section\">\n\t\t\t\t\t\t<div class=\"elementor-container elementor-column-gap-default\">\n\t\t\t\t\t<div class=\"elementor-column elementor-col-100 elementor-inner-column elementor-element elementor-element-250fa59\" data-id=\"250fa59\" data-element_type=\"column\">\n\t\t\t<div class=\"elementor-widget-wrap elementor-element-populated\">\n\t\t\t\t\t\t<div class=\"elementor-element elementor-element-ca31a3a de_scroll_animation_no elementor-widget elementor-widget-text-editor\" data-id=\"ca31a3a\" data-element_type=\"widget\" data-widget_type=\"text-editor.default\">\n\t\t\t\t<div class=\"elementor-widget-container\">\n\t\t\t<style>\/*! elementor - v3.21.0 - 30-04-2024 *\/\n.elementor-widget-text-editor.elementor-drop-cap-view-stacked .elementor-drop-cap{background-color:#69727d;color:#fff}.elementor-widget-text-editor.elementor-drop-cap-view-framed .elementor-drop-cap{color:#69727d;border:3px solid;background-color:transparent}.elementor-widget-text-editor:not(.elementor-drop-cap-view-default) .elementor-drop-cap{margin-top:8px}.elementor-widget-text-editor:not(.elementor-drop-cap-view-default) .elementor-drop-cap-letter{width:1em;height:1em}.elementor-widget-text-editor .elementor-drop-cap{float:left;text-align:center;line-height:1;font-size:50px}.elementor-widget-text-editor .elementor-drop-cap-letter{display:inline-block}<\/style>\t\t\t\t<p><span class=\"ui-provider ed awx awy awz axa axb axc axd axe axf axg axh axi axj axk axl axm axn axo axp axq axr axs axt axu axv axw axx axy axz aya ayb ayc ayd aye\" dir=\"ltr\">H\u00e4r delar vi med oss av allt sp\u00e4nnande som h\u00e4nder internt och externt!<\/span><\/p>\t\t\t\t\t\t<\/div>\n\t\t\t\t<\/div>\n\t\t\t\t\t<\/div>\n\t\t<\/div>\n\t\t\t\t\t<\/div>\n\t\t<\/section>\n\t\t\t\t\t<\/div>\n\t\t<\/div>\n\t\t\t\t\t<\/div>\n\t\t<\/section>\n\t\t\t\t<section class=\"elementor-section elementor-top-section elementor-element elementor-element-239128b8 elementor-section-boxed elementor-section-height-default elementor-section-height-default\" data-id=\"239128b8\" data-element_type=\"section\" id=\"xs_blog_sort_an_full_grid\" data-settings=\"{&quot;background_background&quot;:&quot;classic&quot;}\">\n\t\t\t\t\t\t<div class=\"elementor-container elementor-column-gap-default\">\n\t\t\t\t\t<div class=\"elementor-column elementor-col-100 elementor-top-column elementor-element elementor-element-3da75094\" data-id=\"3da75094\" data-element_type=\"column\">\n\t\t\t<div class=\"elementor-widget-wrap elementor-element-populated\">\n\t\t\t\t\t\t<div class=\"elementor-element elementor-element-3aa43cc4 de_scroll_animation_no elementor-widget elementor-widget-elementskit-blog-posts\" data-id=\"3aa43cc4\" data-element_type=\"widget\" data-widget_type=\"elementskit-blog-posts.default\">\n\t\t\t\t<div class=\"elementor-widget-container\">\n\t\t\t<div class=\"ekit-wid-con\" >        <div id=\"post-items--3aa43cc4\" class=\"row post-items\">\n                    <div class=\"col-md-12\">\n\n                                    <div class=\"elementskit-blog-block-post\">\n                        <div class=\"row no-gutters\">\n                                                            <div class=\"col-md-6 order-1\">\n                                    <a href=\"https:\/\/so-real.com\/index.php\/2024\/03\/12\/konsten-att-skapa-en-autentisk-varumarkesberattelse\/\" class=\"elementskit-entry-thumb\">\n                                        <img decoding=\"async\" src=\"https:\/\/so-real.com\/wp-content\/uploads\/2024\/01\/MicrosoftTeams-image-12-scaled.jpg\" alt=\"Konsten att skapa en autentisk varum\u00e4rkesber\u00e4ttelse\">\n                                    <\/a><!-- .elementskit-entry-thumb END -->\n                                <\/div>\n                            \n                            <div class=\"col-md-6 order-2\">\n                                <div class=\"elementskit-post-body \">\n                                    <div class=\"elementskit-entry-header\">\n                                        \n                                                                                            \t\t\t\t\t\t\t\t\t\t\t<div class=\"post-meta-list\">\n\t\t\t\t\t\t\t\t\t\t\t\t\t\t\t\t\t\t\t\t\t\t\t\t\t\t\t\t\t\t\t\t<span class=\"meta-date\">\n\n\t\t\t\t\t\t\t\t\t\t<i aria-hidden=\"true\" class=\"icon icon-calendar3\"><\/i>\n\t\t\t\t\t\t\t\t\t\t<span class=\"meta-date-text\">\n\t\t\t\t\t\t\t\t\t\t\tMarch 12, 2024\t\t\t\t\t\t\t\t\t\t<\/span>\n\t\t\t\t\t\t\t\t\t<\/span>\n\t\t\t\t\t\t\t\t\t\t\t\t\t\t\t\t\t\t\t\t\t\t\t\t\t\t\t\t\t\t\t\t\t\t\t\t\t\t\t\t\t\t\t\t\t\t\t\t\t\t\t\t\t\t\t\t\t\t\t\t\t\t\t\t<span class=\"post-cat\">\n\n\t\t\t\t\t\t\t\t\t\t<i aria-hidden=\"true\" class=\"icon icon-folder\"><\/i>\n\t\t\t\t\t\t\t\t\t\t<a href=\"https:\/\/so-real.com\/index.php\/category\/blog-swedish\/\" rel=\"category tag\">Blog swedish<\/a>\t\t\t\t\t\t\t\t\t<\/span>\n\t\t\t\t\t\t\t\t\t\t\t\t\t\t\t\t\t\t\t\t\t\t\t\t\t\t\t\t\t<\/div>\n\t\t\t\t\t                                            \n                                            \n                                                                                            \t\t\t\t<h2 class=\"entry-title\">\n\t\t\t\t\t<a href=\"https:\/\/so-real.com\/index.php\/2024\/03\/12\/konsten-att-skapa-en-autentisk-varumarkesberattelse\/\">\n\t\t\t\t\t\tKonsten att skapa en autentisk varum\u00e4rkesber\u00e4ttelse\t\t\t\t\t<\/a>\n\t\t\t\t<\/h2>\n\t\t\t                                                                                <\/div><!-- .elementskit-entry-header END -->\n\n                                                                            <div class=\"elementskit-post-footer\">\n                                                                                            <p>Konsten att skapa en \u00e4kta varum\u00e4rkesber\u00e4ttelse I marknadsf\u00f6ringens kakofoni fungerar en \u00e4kta varum\u00e4rkesber\u00e4ttelse som en kraftfull fyr. H\u00e4r \u00e4r en kortfattad guide f\u00f6r att hj\u00e4lpa dig konstruera en ber\u00e4ttelse som djupt kopplar till din publik. 1.B\u00f6rja med ditt Why Ditt varum\u00e4rkes why \u00e4r dess hj\u00e4rtslag. Definiera syftet bortom vinsten &#8211;&hellip;<\/p>\n                                                                                                                                <\/div><!-- .elementskit-post-footer END -->\n                                                                    <\/div><!-- .elementskit-post-body END -->\n                            <\/div>\n                        <\/div>\n                    <\/div><!-- .elementskit-blog-block-post .radius .gradient-bg END -->\n                \n            <\/div>\n                    <div class=\"col-md-12\">\n\n                                    <div class=\"elementskit-blog-block-post\">\n                        <div class=\"row no-gutters\">\n                                                            <div class=\"col-md-6 order-1\">\n                                    <a href=\"https:\/\/so-real.com\/index.php\/2024\/03\/12\/10-strategier-for-en-kraftfull-aktivering-av-ditt-varumarke\/\" class=\"elementskit-entry-thumb\">\n                                        <img decoding=\"async\" src=\"https:\/\/so-real.com\/wp-content\/uploads\/2024\/02\/MicrosoftTeams-image-15-scaled.jpg\" alt=\"10 strategier f\u00f6r en kraftfull aktivering av ditt varum\u00e4rke\">\n                                    <\/a><!-- .elementskit-entry-thumb END -->\n                                <\/div>\n                            \n                            <div class=\"col-md-6 order-2\">\n                                <div class=\"elementskit-post-body \">\n                                    <div class=\"elementskit-entry-header\">\n                                        \n                                                                                            \t\t\t\t\t\t\t\t\t\t\t<div class=\"post-meta-list\">\n\t\t\t\t\t\t\t\t\t\t\t\t\t\t\t\t\t\t\t\t\t\t\t\t\t\t\t\t\t\t\t\t<span class=\"meta-date\">\n\n\t\t\t\t\t\t\t\t\t\t<i aria-hidden=\"true\" class=\"icon icon-calendar3\"><\/i>\n\t\t\t\t\t\t\t\t\t\t<span class=\"meta-date-text\">\n\t\t\t\t\t\t\t\t\t\t\tMarch 12, 2024\t\t\t\t\t\t\t\t\t\t<\/span>\n\t\t\t\t\t\t\t\t\t<\/span>\n\t\t\t\t\t\t\t\t\t\t\t\t\t\t\t\t\t\t\t\t\t\t\t\t\t\t\t\t\t\t\t\t\t\t\t\t\t\t\t\t\t\t\t\t\t\t\t\t\t\t\t\t\t\t\t\t\t\t\t\t\t\t\t\t<span class=\"post-cat\">\n\n\t\t\t\t\t\t\t\t\t\t<i aria-hidden=\"true\" class=\"icon icon-folder\"><\/i>\n\t\t\t\t\t\t\t\t\t\t<a href=\"https:\/\/so-real.com\/index.php\/category\/blog-swedish\/\" rel=\"category tag\">Blog swedish<\/a>\t\t\t\t\t\t\t\t\t<\/span>\n\t\t\t\t\t\t\t\t\t\t\t\t\t\t\t\t\t\t\t\t\t\t\t\t\t\t\t\t\t<\/div>\n\t\t\t\t\t                                            \n                                            \n                                                                                            \t\t\t\t<h2 class=\"entry-title\">\n\t\t\t\t\t<a href=\"https:\/\/so-real.com\/index.php\/2024\/03\/12\/10-strategier-for-en-kraftfull-aktivering-av-ditt-varumarke\/\">\n\t\t\t\t\t\t10 strategier f\u00f6r en kraftfull aktivering av ditt varum\u00e4rke\t\t\t\t\t<\/a>\n\t\t\t\t<\/h2>\n\t\t\t                                                                                <\/div><!-- .elementskit-entry-header END -->\n\n                                                                            <div class=\"elementskit-post-footer\">\n                                                                                            <p>10 strategier f\u00f6r en kraftfull aktivering av ditt varum\u00e4rke I den livliga v\u00e4rlden av aff\u00e4rer utg\u00f6r effektiv varum\u00e4rkesaktivering navet f\u00f6r att sk\u00e4ra igenom bruset och g\u00f6ra ett varaktigt intryck. L\u00e5t oss utforska 10 nyckelstrategier f\u00f6r att lyfta din varum\u00e4rkesaktivering och skapa meningsfulla kopplingar med din publik. 1.Fastst\u00e4ll ett tydligt m\u00e5l&hellip;<\/p>\n                                                                                                                                <\/div><!-- .elementskit-post-footer END -->\n                                                                    <\/div><!-- .elementskit-post-body END -->\n                            <\/div>\n                        <\/div>\n                    <\/div><!-- .elementskit-blog-block-post .radius .gradient-bg END -->\n                \n            <\/div>\n                <\/div>\n       <\/div>\t\t<\/div>\n\t\t\t\t<\/div>\n\t\t\t\t\t<\/div>\n\t\t<\/div>\n\t\t\t\t\t<\/div>\n\t\t<\/section>\n\t\t\t\t<\/div>\n\t\t","protected":false},"excerpt":{"rendered":"<p>V\u00c4LKOMMEN TILL V\u00c5R NYHETSSIDA H\u00e4r delar vi med oss av allt sp\u00e4nnande som h\u00e4nder internt och externt! March 12, 2024 Blog swedish Konsten att skapa en autentisk varum\u00e4rkesber\u00e4ttelse Konsten att skapa en \u00e4kta varum\u00e4rkesber\u00e4ttelse I marknadsf\u00f6ringens kakofoni fungerar en \u00e4kta varum\u00e4rkesber\u00e4ttelse som en kraftfull fyr. H\u00e4r \u00e4r en kortfattad guide f\u00f6r att hj\u00e4lpa dig konstruera [&hellip;]<\/p>\n","protected":false},"author":1,"featured_media":0,"parent":0,"menu_order":0,"comment_status":"closed","ping_status":"closed","template":"","meta":{"site-sidebar-layout":"no-sidebar","site-content-layout":"page-builder","ast-site-content-layout":"","site-content-style":"default","site-sidebar-style":"default","ast-global-header-display":"","ast-banner-title-visibility":"","ast-main-header-display":"","ast-hfb-above-header-display":"","ast-hfb-below-header-display":"","ast-hfb-mobile-header-display":"","site-post-title":"disabled","ast-breadcrumbs-content":"","ast-featured-img":"disabled","footer-sml-layout":"","theme-transparent-header-meta":"default","adv-header-id-meta":"","stick-header-meta":"","header-above-stick-meta":"","header-main-stick-meta":"","header-below-stick-meta":"","astra-migrate-meta-layouts":"default","ast-page-background-enabled":"default","ast-page-background-meta":{"desktop":{"background-color":"var(--ast-global-color-4)","background-image":"","background-repeat":"repeat","background-position":"center center","background-size":"auto","background-attachment":"scroll","background-type":"","background-media":"","overlay-type":"","overlay-color":"","overlay-gradient":""},"tablet":{"background-color":"","background-image":"","background-repeat":"repeat","background-position":"center center","background-size":"auto","background-attachment":"scroll","background-type":"","background-media":"","overlay-type":"","overlay-color":"","overlay-gradient":""},"mobile":{"background-color":"","background-image":"","background-repeat":"repeat","background-position":"center center","background-size":"auto","background-attachment":"scroll","background-type":"","background-media":"","overlay-type":"","overlay-color":"","overlay-gradient":""}},"ast-content-background-meta":{"desktop":{"background-color":"var(--ast-global-color-5)","background-image":"","background-repeat":"repeat","background-position":"center center","background-size":"auto","background-attachment":"scroll","background-type":"","background-media":"","overlay-type":"","overlay-color":"","overlay-gradient":""},"tablet":{"background-color":"var(--ast-global-color-5)","background-image":"","background-repeat":"repeat","background-position":"center center","background-size":"auto","background-attachment":"scroll","background-type":"","background-media":"","overlay-type":"","overlay-color":"","overlay-gradient":""},"mobile":{"background-color":"var(--ast-global-color-5)","background-image":"","background-repeat":"repeat","background-position":"center center","background-size":"auto","background-attachment":"scroll","background-type":"","background-media":"","overlay-type":"","overlay-color":"","overlay-gradient":""}},"footnotes":""},"yoast_head":"<!-- This site is optimized with the Yoast SEO plugin v22.6 - https:\/\/yoast.com\/wordpress\/plugins\/seo\/ -->\n<title>Blog Swedish -<\/title>\n<meta name=\"robots\" content=\"index, follow, max-snippet:-1, max-image-preview:large, max-video-preview:-1\" \/>\n<link rel=\"canonical\" href=\"https:\/\/so-real.com\/index.php\/blog-swedish\/\" \/>\n<meta property=\"og:locale\" content=\"en_US\" \/>\n<meta property=\"og:type\" content=\"article\" \/>\n<meta property=\"og:title\" content=\"Blog Swedish -\" \/>\n<meta property=\"og:description\" content=\"V\u00c4LKOMMEN TILL V\u00c5R NYHETSSIDA H\u00e4r delar vi med oss av allt sp\u00e4nnande som h\u00e4nder internt och externt! March 12, 2024 Blog swedish Konsten att skapa en autentisk varum\u00e4rkesber\u00e4ttelse Konsten att skapa en \u00e4kta varum\u00e4rkesber\u00e4ttelse I marknadsf\u00f6ringens kakofoni fungerar en \u00e4kta varum\u00e4rkesber\u00e4ttelse som en kraftfull fyr. H\u00e4r \u00e4r en kortfattad guide f\u00f6r att hj\u00e4lpa dig konstruera [&hellip;]\" \/>\n<meta property=\"og:url\" content=\"https:\/\/so-real.com\/index.php\/blog-swedish\/\" \/>\n<meta property=\"article:modified_time\" content=\"2024-03-28T06:52:56+00:00\" \/>\n<meta property=\"og:image\" content=\"http:\/\/so-real.com\/wp-content\/uploads\/2024\/01\/MicrosoftTeams-image-12-scaled.jpg\" \/>\n<meta name=\"twitter:card\" content=\"summary_large_image\" \/>\n<meta name=\"twitter:label1\" content=\"Est. reading time\" \/>\n\t<meta name=\"twitter:data1\" content=\"1 minute\" \/>\n<script type=\"application\/ld+json\" class=\"yoast-schema-graph\">{\"@context\":\"https:\/\/schema.org\",\"@graph\":[{\"@type\":\"WebPage\",\"@id\":\"https:\/\/so-real.com\/index.php\/blog-swedish\/\",\"url\":\"https:\/\/so-real.com\/index.php\/blog-swedish\/\",\"name\":\"Blog Swedish -\",\"isPartOf\":{\"@id\":\"https:\/\/so-real.com\/#website\"},\"primaryImageOfPage\":{\"@id\":\"https:\/\/so-real.com\/index.php\/blog-swedish\/#primaryimage\"},\"image\":{\"@id\":\"https:\/\/so-real.com\/index.php\/blog-swedish\/#primaryimage\"},\"thumbnailUrl\":\"http:\/\/so-real.com\/wp-content\/uploads\/2024\/01\/MicrosoftTeams-image-12-scaled.jpg\",\"datePublished\":\"2024-03-12T06:02:13+00:00\",\"dateModified\":\"2024-03-28T06:52:56+00:00\",\"breadcrumb\":{\"@id\":\"https:\/\/so-real.com\/index.php\/blog-swedish\/#breadcrumb\"},\"inLanguage\":\"en-US\",\"potentialAction\":[{\"@type\":\"ReadAction\",\"target\":[\"https:\/\/so-real.com\/index.php\/blog-swedish\/\"]}]},{\"@type\":\"ImageObject\",\"inLanguage\":\"en-US\",\"@id\":\"https:\/\/so-real.com\/index.php\/blog-swedish\/#primaryimage\",\"url\":\"http:\/\/so-real.com\/wp-content\/uploads\/2024\/01\/MicrosoftTeams-image-12-scaled.jpg\",\"contentUrl\":\"http:\/\/so-real.com\/wp-content\/uploads\/2024\/01\/MicrosoftTeams-image-12-scaled.jpg\"},{\"@type\":\"BreadcrumbList\",\"@id\":\"https:\/\/so-real.com\/index.php\/blog-swedish\/#breadcrumb\",\"itemListElement\":[{\"@type\":\"ListItem\",\"position\":1,\"name\":\"Home\",\"item\":\"https:\/\/so-real.com\/\"},{\"@type\":\"ListItem\",\"position\":2,\"name\":\"Blog Swedish\"}]},{\"@type\":\"WebSite\",\"@id\":\"https:\/\/so-real.com\/#website\",\"url\":\"https:\/\/so-real.com\/\",\"name\":\"https:\/\/so-real.com\/\",\"description\":\"\",\"publisher\":{\"@id\":\"https:\/\/so-real.com\/#organization\"},\"potentialAction\":[{\"@type\":\"SearchAction\",\"target\":{\"@type\":\"EntryPoint\",\"urlTemplate\":\"https:\/\/so-real.com\/?s={search_term_string}\"},\"query-input\":\"required name=search_term_string\"}],\"inLanguage\":\"en-US\"},{\"@type\":\"Organization\",\"@id\":\"https:\/\/so-real.com\/#organization\",\"name\":\"So real\",\"url\":\"https:\/\/so-real.com\/\",\"logo\":{\"@type\":\"ImageObject\",\"inLanguage\":\"en-US\",\"@id\":\"https:\/\/so-real.com\/#\/schema\/logo\/image\/\",\"url\":\"https:\/\/so-real.com\/wp-content\/uploads\/2023\/05\/SO-REAL-NEW-LOGO-1.png\",\"contentUrl\":\"https:\/\/so-real.com\/wp-content\/uploads\/2023\/05\/SO-REAL-NEW-LOGO-1.png\",\"width\":800,\"height\":200,\"caption\":\"So real\"},\"image\":{\"@id\":\"https:\/\/so-real.com\/#\/schema\/logo\/image\/\"}}]}<\/script>\n<!-- \/ Yoast SEO plugin. -->","yoast_head_json":{"title":"Blog Swedish -","robots":{"index":"index","follow":"follow","max-snippet":"max-snippet:-1","max-image-preview":"max-image-preview:large","max-video-preview":"max-video-preview:-1"},"canonical":"https:\/\/so-real.com\/index.php\/blog-swedish\/","og_locale":"en_US","og_type":"article","og_title":"Blog Swedish -","og_description":"V\u00c4LKOMMEN TILL V\u00c5R NYHETSSIDA H\u00e4r delar vi med oss av allt sp\u00e4nnande som h\u00e4nder internt och externt! March 12, 2024 Blog swedish Konsten att skapa en autentisk varum\u00e4rkesber\u00e4ttelse Konsten att skapa en \u00e4kta varum\u00e4rkesber\u00e4ttelse I marknadsf\u00f6ringens kakofoni fungerar en \u00e4kta varum\u00e4rkesber\u00e4ttelse som en kraftfull fyr. H\u00e4r \u00e4r en kortfattad guide f\u00f6r att hj\u00e4lpa dig konstruera [&hellip;]","og_url":"https:\/\/so-real.com\/index.php\/blog-swedish\/","article_modified_time":"2024-03-28T06:52:56+00:00","og_image":[{"url":"http:\/\/so-real.com\/wp-content\/uploads\/2024\/01\/MicrosoftTeams-image-12-scaled.jpg"}],"twitter_card":"summary_large_image","twitter_misc":{"Est. reading time":"1 minute"},"schema":{"@context":"https:\/\/schema.org","@graph":[{"@type":"WebPage","@id":"https:\/\/so-real.com\/index.php\/blog-swedish\/","url":"https:\/\/so-real.com\/index.php\/blog-swedish\/","name":"Blog Swedish -","isPartOf":{"@id":"https:\/\/so-real.com\/#website"},"primaryImageOfPage":{"@id":"https:\/\/so-real.com\/index.php\/blog-swedish\/#primaryimage"},"image":{"@id":"https:\/\/so-real.com\/index.php\/blog-swedish\/#primaryimage"},"thumbnailUrl":"http:\/\/so-real.com\/wp-content\/uploads\/2024\/01\/MicrosoftTeams-image-12-scaled.jpg","datePublished":"2024-03-12T06:02:13+00:00","dateModified":"2024-03-28T06:52:56+00:00","breadcrumb":{"@id":"https:\/\/so-real.com\/index.php\/blog-swedish\/#breadcrumb"},"inLanguage":"en-US","potentialAction":[{"@type":"ReadAction","target":["https:\/\/so-real.com\/index.php\/blog-swedish\/"]}]},{"@type":"ImageObject","inLanguage":"en-US","@id":"https:\/\/so-real.com\/index.php\/blog-swedish\/#primaryimage","url":"http:\/\/so-real.com\/wp-content\/uploads\/2024\/01\/MicrosoftTeams-image-12-scaled.jpg","contentUrl":"http:\/\/so-real.com\/wp-content\/uploads\/2024\/01\/MicrosoftTeams-image-12-scaled.jpg"},{"@type":"BreadcrumbList","@id":"https:\/\/so-real.com\/index.php\/blog-swedish\/#breadcrumb","itemListElement":[{"@type":"ListItem","position":1,"name":"Home","item":"https:\/\/so-real.com\/"},{"@type":"ListItem","position":2,"name":"Blog Swedish"}]},{"@type":"WebSite","@id":"https:\/\/so-real.com\/#website","url":"https:\/\/so-real.com\/","name":"https:\/\/so-real.com\/","description":"","publisher":{"@id":"https:\/\/so-real.com\/#organization"},"potentialAction":[{"@type":"SearchAction","target":{"@type":"EntryPoint","urlTemplate":"https:\/\/so-real.com\/?s={search_term_string}"},"query-input":"required name=search_term_string"}],"inLanguage":"en-US"},{"@type":"Organization","@id":"https:\/\/so-real.com\/#organization","name":"So real","url":"https:\/\/so-real.com\/","logo":{"@type":"ImageObject","inLanguage":"en-US","@id":"https:\/\/so-real.com\/#\/schema\/logo\/image\/","url":"https:\/\/so-real.com\/wp-content\/uploads\/2023\/05\/SO-REAL-NEW-LOGO-1.png","contentUrl":"https:\/\/so-real.com\/wp-content\/uploads\/2023\/05\/SO-REAL-NEW-LOGO-1.png","width":800,"height":200,"caption":"So real"},"image":{"@id":"https:\/\/so-real.com\/#\/schema\/logo\/image\/"}}]}},"_links":{"self":[{"href":"https:\/\/so-real.com\/index.php\/wp-json\/wp\/v2\/pages\/1735"}],"collection":[{"href":"https:\/\/so-real.com\/index.php\/wp-json\/wp\/v2\/pages"}],"about":[{"href":"https:\/\/so-real.com\/index.php\/wp-json\/wp\/v2\/types\/page"}],"author":[{"embeddable":true,"href":"https:\/\/so-real.com\/index.php\/wp-json\/wp\/v2\/users\/1"}],"replies":[{"embeddable":true,"href":"https:\/\/so-real.com\/index.php\/wp-json\/wp\/v2\/comments?post=1735"}],"version-history":[{"count":7,"href":"https:\/\/so-real.com\/index.php\/wp-json\/wp\/v2\/pages\/1735\/revisions"}],"predecessor-version":[{"id":1769,"href":"https:\/\/so-real.com\/index.php\/wp-json\/wp\/v2\/pages\/1735\/revisions\/1769"}],"wp:attachment":[{"href":"https:\/\/so-real.com\/index.php\/wp-json\/wp\/v2\/media?parent=1735"}],"curies":[{"name":"wp","href":"https:\/\/api.w.org\/{rel}","templated":true}]}}